{"id":2486,"date":"2023-09-02T15:48:58","date_gmt":"2023-09-02T13:48:58","guid":{"rendered":"https:\/\/vietnam-generalkonsulat.de\/?page_id=2486"},"modified":"2023-09-02T15:55:37","modified_gmt":"2023-09-02T13:55:37","slug":"legalisierung","status":"publish","type":"page","link":"https:\/\/vietnam-generalkonsulat.de\/de\/legalisierung\/","title":{"rendered":"Legalisierung"},"content":{"rendered":"\t\t<div data-elementor-type=\"wp-page\" data-elementor-id=\"2486\" class=\"elementor elementor-2486\" data-elementor-settings=\"{&quot;ha_cmc_init_switcher&quot;:&quot;no&quot;}\" data-elementor-post-type=\"page\">\n\t\t\t\t\t\t<section class=\"elementor-section elementor-top-section elementor-element elementor-element-feaf9e5 elementor-section-boxed elementor-section-height-default elementor-section-height-default\" data-id=\"feaf9e5\" data-element_type=\"section\" data-e-type=\"section\" data-settings=\"{&quot;_ha_eqh_enable&quot;:false}\">\n\t\t\t\t\t\t<div class=\"elementor-container elementor-column-gap-default\">\n\t\t\t\t\t<div class=\"elementor-column elementor-col-100 elementor-top-column elementor-element elementor-element-33db18c\" data-id=\"33db18c\" data-element_type=\"column\" data-e-type=\"column\">\n\t\t\t<div class=\"elementor-widget-wrap elementor-element-populated\">\n\t\t\t\t\t\t<section class=\"elementor-section elementor-inner-section elementor-element elementor-element-65e7f95 elementor-section-full_width elementor-section-height-default elementor-section-height-default\" data-id=\"65e7f95\" data-element_type=\"section\" data-e-type=\"section\" data-settings=\"{&quot;_ha_eqh_enable&quot;:false}\">\n\t\t\t\t\t\t<div class=\"elementor-container elementor-column-gap-no\">\n\t\t\t\t\t<div class=\"elementor-column elementor-col-100 elementor-inner-column elementor-element elementor-element-f0abf94\" data-id=\"f0abf94\" data-element_type=\"column\" data-e-type=\"column\">\n\t\t\t<div class=\"elementor-widget-wrap elementor-element-populated\">\n\t\t\t\t\t\t<div class=\"elementor-element elementor-element-d159be8 elementor-widget__width-inherit ha-has-bg-overlay elementor-widget elementor-widget-heading\" data-id=\"d159be8\" data-element_type=\"widget\" data-e-type=\"widget\" data-widget_type=\"heading.default\">\n\t\t\t\t<div class=\"elementor-widget-container\">\n\t\t\t\t\t<h2 class=\"elementor-heading-title elementor-size-default\">Legalisierung<\/h2>\t\t\t\t<\/div>\n\t\t\t\t<\/div>\n\t\t\t\t\t<\/div>\n\t\t<\/div>\n\t\t\t\t\t<\/div>\n\t\t<\/section>\n\t\t\t\t\t<\/div>\n\t\t<\/div>\n\t\t\t\t\t<\/div>\n\t\t<\/section>\n\t\t\t\t<section class=\"elementor-section elementor-top-section elementor-element elementor-element-4158abe elementor-section-boxed elementor-section-height-default elementor-section-height-default\" data-id=\"4158abe\" data-element_type=\"section\" data-e-type=\"section\" data-settings=\"{&quot;_ha_eqh_enable&quot;:false}\">\n\t\t\t\t\t\t<div class=\"elementor-container elementor-column-gap-default\">\n\t\t\t\t\t<div class=\"elementor-column elementor-col-100 elementor-top-column elementor-element elementor-element-eca13f1\" data-id=\"eca13f1\" data-element_type=\"column\" data-e-type=\"column\">\n\t\t\t<div class=\"elementor-widget-wrap elementor-element-populated\">\n\t\t\t\t\t\t<div class=\"elementor-element elementor-element-9a1d678 elementor-widget elementor-widget-text-editor\" data-id=\"9a1d678\" data-element_type=\"widget\" data-e-type=\"widget\" data-widget_type=\"text-editor.default\">\n\t\t\t\t<div class=\"elementor-widget-container\">\n\t\t\t\t\t\t\t\t\t<p><b>1. Konsularische Bescheinigung der vietnamesischen Dokumente zur\u00a0<span style=\"font-style: inherit; color: var( --e-global-color-text ); font-family: var( --e-global-typography-text-font-family ), Sans-serif; background-color: var(--ast-global-color-5);\">F\u00fchrung in Deutschland:<\/span><\/b><\/p><ul><li>Originaldokument mit konsularischer Beglaubigung durch die <span style=\"background-color: var(--ast-global-color-5); font-weight: inherit; font-style: inherit; font-family: var( --e-global-typography-text-font-family ), Sans-serif; color: var( --e-global-color-text );\">Konsularabteilung des vietnamesischen Au\u00dfenministeriums (<\/span><em><span style=\"text-decoration: underline;\">vietnamesisch<\/span>: C\u1ee5c L\u00e3nh s\u1ef1, B\u1ed9 Ngo\u1ea1i giao, 40 Tr\u1ea7n Ph\u00fa Str., Ba \u0110\u00ecnh Distrikt, Hanoi<\/em>)<span style=\"color: rgba(0, 0, 0, 0); font-family: var( --e-global-typography-text-font-family ), Sans-serif;\"><span style=\"font-style: inherit; font-weight: inherit;\">\u00a0<\/span><\/span><span style=\"font-style: inherit; font-weight: inherit; color: var( --e-global-color-text ); font-family: var( --e-global-typography-text-font-family ), Sans-serif; background-color: var(--ast-global-color-5);\">oder durch die Au\u00dfenstelle\u00a0<\/span><span style=\"font-style: inherit; font-weight: inherit; color: var( --e-global-color-text ); font-family: var( --e-global-typography-text-font-family ), Sans-serif; background-color: var(--ast-global-color-5);\">des Au\u00dfenministeriums in Ho Chi Minh Stadt (<\/span><i><span style=\"text-decoration: underline;\">vietnamesisch<\/span>: S\u1edf Ngo\u1ea1i v\u1ee5 Th\u00e0nh ph\u1ed1 H\u1ed3 Ch\u00ed Minh, 6 Alexander De Rhodes, 1 Distrikt, Ho Chi Minh Stadt<\/i>)<\/li><li><span style=\"font-style: inherit; font-weight: inherit; color: var( --e-global-color-text ); font-family: var( --e-global-typography-text-font-family ), Sans-serif; background-color: var(--ast-global-color-5);\">Kopien f\u00fcr die Akten<\/span><\/li><li>Bearbeitungsgeb\u00fchr<\/li><\/ul><p><b>2. Legalisierung der deutschen Dokumente zur F\u00fchrung in Vietnam:<\/b><\/p><ul><li>Originaldokument mit Beglaubigung durch zust\u00e4ndige deutsche Beh\u00f6rden,\u00a0<span style=\"font-style: inherit; font-weight: inherit; color: var( --e-global-color-text ); font-family: var( --e-global-typography-text-font-family ), Sans-serif; background-color: var(--ast-global-color-5);\">deren Unterschriftproben beim Generalkonsulat Vietnam hinterlegt sind\u00a0<\/span><span style=\"font-style: inherit; font-weight: inherit; color: var( --e-global-color-text ); font-family: var( --e-global-typography-text-font-family ), Sans-serif; background-color: var(--ast-global-color-5);\">(Landgericht, Regierungspr\u00e4sidium\/ Bezirksregierung, Bundesamt f\u00fcr Justiz,\u00a0<\/span><span style=\"font-style: inherit; font-weight: inherit; color: var( --e-global-color-text ); font-family: var( --e-global-typography-text-font-family ), Sans-serif; background-color: var(--ast-global-color-5);\">Landesverwaltung\/ Verwaltungsdirektion, Innenministerium, Industrie &amp;\u00a0<\/span><span style=\"font-style: inherit; font-weight: inherit; color: var( --e-global-color-text ); font-family: var( --e-global-typography-text-font-family ), Sans-serif; background-color: var(--ast-global-color-5);\">Handelskammer)<\/span><\/li><li>Kopien f\u00fcr die Akten (nur die erste Seite und die Seite mit dem Dienststempel\u00a0<span style=\"font-style: inherit; font-weight: inherit; color: var( --e-global-color-text ); font-family: var( --e-global-typography-text-font-family ), Sans-serif; background-color: var(--ast-global-color-5);\">erforderlich)<\/span><\/li><li>Bearbeitungsgeb\u00fchr<\/li><\/ul>\t\t\t\t\t\t\t\t<\/div>\n\t\t\t\t<\/div>\n\t\t\t\t\t<\/div>\n\t\t<\/div>\n\t\t\t\t\t<\/div>\n\t\t<\/section>\n\t\t\t\t<\/div>\n\t\t","protected":false},"excerpt":{"rendered":"<p>Legalisierung 1. Konsularische Bescheinigung der vietnamesischen Dokumente zur\u00a0F\u00fchrung in Deutschland: Originaldokument mit konsularischer Beglaubigung durch die Konsularabteilung des vietnamesischen Au\u00dfenministeriums (vietnamesisch: C\u1ee5c L\u00e3nh s\u1ef1, B\u1ed9 Ngo\u1ea1i giao, 40 Tr\u1ea7n Ph\u00fa Str., Ba \u0110\u00ecnh Distrikt, Hanoi)\u00a0oder durch die Au\u00dfenstelle\u00a0des Au\u00dfenministeriums in Ho Chi Minh Stadt (vietnamesisch: S\u1edf Ngo\u1ea1i v\u1ee5 Th\u00e0nh ph\u1ed1 H\u1ed3 Ch\u00ed Minh, 6 Alexander [&hellip;]<\/p>\n","protected":false},"author":1,"featured_media":0,"parent":0,"menu_order":0,"comment_status":"closed","ping_status":"closed","template":"","meta":{"site-sidebar-layout":"no-sidebar","site-content-layout":"page-builder","ast-site-content-layout":"default","site-content-style":"default","site-sidebar-style":"default","ast-global-header-display":"","ast-banner-title-visibility":"","ast-main-header-display":"","ast-hfb-above-header-display":"","ast-hfb-below-header-display":"","ast-hfb-mobile-header-display":"","site-post-title":"disabled","ast-breadcrumbs-content":"","ast-featured-img":"disabled","footer-sml-layout":"","ast-disable-related-posts":"","theme-transparent-header-meta":"","adv-header-id-meta":"","stick-header-meta":"","header-above-stick-meta":"","header-main-stick-meta":"","header-below-stick-meta":"","astra-migrate-meta-layouts":"default","ast-page-background-enabled":"default","ast-page-background-meta":{"desktop":{"background-color":"var(--ast-global-color-4)","background-image":"","background-repeat":"repeat","background-position":"center center","background-size":"auto","background-attachment":"scroll","background-type":"","background-media":"","overlay-type":"","overlay-color":"","overlay-opacity":"","overlay-gradient":""},"tablet":{"background-color":"","background-image":"","background-repeat":"repeat","background-position":"center center","background-size":"auto","background-attachment":"scroll","background-type":"","background-media":"","overlay-type":"","overlay-color":"","overlay-opacity":"","overlay-gradient":""},"mobile":{"background-color":"","background-image":"","background-repeat":"repeat","background-position":"center center","background-size":"auto","background-attachment":"scroll","background-type":"","background-media":"","overlay-type":"","overlay-color":"","overlay-opacity":"","overlay-gradient":""}},"ast-content-background-meta":{"desktop":{"background-color":"var(--ast-global-color-5)","background-image":"","background-repeat":"repeat","background-position":"center center","background-size":"auto","background-attachment":"scroll","background-type":"","background-media":"","overlay-type":"","overlay-color":"","overlay-opacity":"","overlay-gradient":""},"tablet":{"background-color":"var(--ast-global-color-5)","background-image":"","background-repeat":"repeat","background-position":"center center","background-size":"auto","background-attachment":"scroll","background-type":"","background-media":"","overlay-type":"","overlay-color":"","overlay-opacity":"","overlay-gradient":""},"mobile":{"background-color":"var(--ast-global-color-5)","background-image":"","background-repeat":"repeat","background-position":"center center","background-size":"auto","background-attachment":"scroll","background-type":"","background-media":"","overlay-type":"","overlay-color":"","overlay-opacity":"","overlay-gradient":""}},"_glsr_average":0,"_glsr_ranking":0,"_glsr_reviews":0,"footnotes":""},"class_list":["post-2486","page","type-page","status-publish","hentry"],"yoast_head":"<!-- This site is optimized with the Yoast SEO plugin v27.5 - https:\/\/yoast.com\/product\/yoast-seo-wordpress\/ -->\n<title>Legalisierung - Generalkonsulat der S.R. Vietnam in Frankfurt am Main<\/title>\n<meta name=\"robots\" content=\"index, follow, max-snippet:-1, max-image-preview:large, max-video-preview:-1\" \/>\n<link rel=\"canonical\" href=\"https:\/\/vietnam-generalkonsulat.de\/de\/legalisierung\/\" \/>\n<meta property=\"og:locale\" content=\"de_DE\" \/>\n<meta property=\"og:type\" content=\"article\" \/>\n<meta property=\"og:title\" content=\"Legalisierung - Generalkonsulat der S.R. Vietnam in Frankfurt am Main\" \/>\n<meta property=\"og:description\" content=\"Legalisierung 1. Konsularische Bescheinigung der vietnamesischen Dokumente zur\u00a0F\u00fchrung in Deutschland: Originaldokument mit konsularischer Beglaubigung durch die Konsularabteilung des vietnamesischen Au\u00dfenministeriums (vietnamesisch: C\u1ee5c L\u00e3nh s\u1ef1, B\u1ed9 Ngo\u1ea1i giao, 40 Tr\u1ea7n Ph\u00fa Str., Ba \u0110\u00ecnh Distrikt, Hanoi)\u00a0oder durch die Au\u00dfenstelle\u00a0des Au\u00dfenministeriums in Ho Chi Minh Stadt (vietnamesisch: S\u1edf Ngo\u1ea1i v\u1ee5 Th\u00e0nh ph\u1ed1 H\u1ed3 Ch\u00ed Minh, 6 Alexander [&hellip;]\" \/>\n<meta property=\"og:url\" content=\"https:\/\/vietnam-generalkonsulat.de\/de\/legalisierung\/\" \/>\n<meta property=\"og:site_name\" content=\"Generalkonsulat der S.R. Vietnam in Frankfurt am Main\" \/>\n<meta property=\"article:publisher\" content=\"https:\/\/www.facebook.com\/vietnam.generalkonsulat\" \/>\n<meta property=\"article:modified_time\" content=\"2023-09-02T13:55:37+00:00\" \/>\n<meta property=\"og:image\" content=\"https:\/\/vietnam-generalkonsulat.de\/wp-content\/uploads\/2026\/02\/TLSQ_VILLA_HANOI-scaled.jpg\" \/>\n\t<meta property=\"og:image:width\" content=\"2560\" \/>\n\t<meta property=\"og:image:height\" content=\"1920\" \/>\n\t<meta property=\"og:image:type\" content=\"image\/jpeg\" \/>\n<meta name=\"twitter:card\" content=\"summary_large_image\" \/>\n<meta name=\"twitter:label1\" content=\"Gesch\u00e4tzte Lesezeit\" \/>\n\t<meta name=\"twitter:data1\" content=\"1\u00a0Minute\" \/>\n<script type=\"application\/ld+json\" class=\"yoast-schema-graph\">{\"@context\":\"https:\\\/\\\/schema.org\",\"@graph\":[{\"@type\":\"WebPage\",\"@id\":\"https:\\\/\\\/vietnam-generalkonsulat.de\\\/de\\\/legalisierung\\\/\",\"url\":\"https:\\\/\\\/vietnam-generalkonsulat.de\\\/de\\\/legalisierung\\\/\",\"name\":\"Legalisierung - Generalkonsulat der S.R. Vietnam in Frankfurt am Main\",\"isPartOf\":{\"@id\":\"https:\\\/\\\/vietnam-generalkonsulat.de\\\/#website\"},\"datePublished\":\"2023-09-02T13:48:58+00:00\",\"dateModified\":\"2023-09-02T13:55:37+00:00\",\"breadcrumb\":{\"@id\":\"https:\\\/\\\/vietnam-generalkonsulat.de\\\/de\\\/legalisierung\\\/#breadcrumb\"},\"inLanguage\":\"de\",\"potentialAction\":[{\"@type\":\"ReadAction\",\"target\":[\"https:\\\/\\\/vietnam-generalkonsulat.de\\\/de\\\/legalisierung\\\/\"]}]},{\"@type\":\"BreadcrumbList\",\"@id\":\"https:\\\/\\\/vietnam-generalkonsulat.de\\\/de\\\/legalisierung\\\/#breadcrumb\",\"itemListElement\":[{\"@type\":\"ListItem\",\"position\":1,\"name\":\"Home\",\"item\":\"https:\\\/\\\/vietnam-generalkonsulat.de\\\/\"},{\"@type\":\"ListItem\",\"position\":2,\"name\":\"Legalisierung\"}]},{\"@type\":\"WebSite\",\"@id\":\"https:\\\/\\\/vietnam-generalkonsulat.de\\\/#website\",\"url\":\"https:\\\/\\\/vietnam-generalkonsulat.de\\\/\",\"name\":\"T\u1ed5ng L\u00e3nh s\u1ef1 qu\u00e1n Vi\u1ec7t Nam t\u1ea1i Frankfurt am Main\",\"description\":\"Consulate General of the Socialist Republic of Vietnam in Frankfurt am Main\",\"publisher\":{\"@id\":\"https:\\\/\\\/vietnam-generalkonsulat.de\\\/#organization\"},\"alternateName\":\"Generalkonsulat Vietnam in Frankfurt am Main\",\"potentialAction\":[{\"@type\":\"SearchAction\",\"target\":{\"@type\":\"EntryPoint\",\"urlTemplate\":\"https:\\\/\\\/vietnam-generalkonsulat.de\\\/?s={search_term_string}\"},\"query-input\":{\"@type\":\"PropertyValueSpecification\",\"valueRequired\":true,\"valueName\":\"search_term_string\"}}],\"inLanguage\":\"de\"},{\"@type\":\"Organization\",\"@id\":\"https:\\\/\\\/vietnam-generalkonsulat.de\\\/#organization\",\"name\":\"T\u1ed5ng L\u00e3nh s\u1ef1 qu\u00e1n Vi\u1ec7t Nam t\u1ea1i Frankfurt am Main\",\"alternateName\":\"Generalkonsulat Vietnam in Frankfurt am Main\",\"url\":\"https:\\\/\\\/vietnam-generalkonsulat.de\\\/\",\"logo\":{\"@type\":\"ImageObject\",\"inLanguage\":\"de\",\"@id\":\"https:\\\/\\\/vietnam-generalkonsulat.de\\\/#\\\/schema\\\/logo\\\/image\\\/\",\"url\":\"https:\\\/\\\/vietnam-generalkonsulat.de\\\/wp-content\\\/uploads\\\/2022\\\/03\\\/QuocHuy_400px.png\",\"contentUrl\":\"https:\\\/\\\/vietnam-generalkonsulat.de\\\/wp-content\\\/uploads\\\/2022\\\/03\\\/QuocHuy_400px.png\",\"width\":400,\"height\":405,\"caption\":\"T\u1ed5ng L\u00e3nh s\u1ef1 qu\u00e1n Vi\u1ec7t Nam t\u1ea1i Frankfurt am Main\"},\"image\":{\"@id\":\"https:\\\/\\\/vietnam-generalkonsulat.de\\\/#\\\/schema\\\/logo\\\/image\\\/\"},\"sameAs\":[\"https:\\\/\\\/www.facebook.com\\\/vietnam.generalkonsulat\"]}]}<\/script>\n<!-- \/ Yoast SEO plugin. -->","yoast_head_json":{"title":"Legalisierung - Generalkonsulat der S.R. Vietnam in Frankfurt am Main","robots":{"index":"index","follow":"follow","max-snippet":"max-snippet:-1","max-image-preview":"max-image-preview:large","max-video-preview":"max-video-preview:-1"},"canonical":"https:\/\/vietnam-generalkonsulat.de\/de\/legalisierung\/","og_locale":"de_DE","og_type":"article","og_title":"Legalisierung - Generalkonsulat der S.R. Vietnam in Frankfurt am Main","og_description":"Legalisierung 1. Konsularische Bescheinigung der vietnamesischen Dokumente zur\u00a0F\u00fchrung in Deutschland: Originaldokument mit konsularischer Beglaubigung durch die Konsularabteilung des vietnamesischen Au\u00dfenministeriums (vietnamesisch: C\u1ee5c L\u00e3nh s\u1ef1, B\u1ed9 Ngo\u1ea1i giao, 40 Tr\u1ea7n Ph\u00fa Str., Ba \u0110\u00ecnh Distrikt, Hanoi)\u00a0oder durch die Au\u00dfenstelle\u00a0des Au\u00dfenministeriums in Ho Chi Minh Stadt (vietnamesisch: S\u1edf Ngo\u1ea1i v\u1ee5 Th\u00e0nh ph\u1ed1 H\u1ed3 Ch\u00ed Minh, 6 Alexander [&hellip;]","og_url":"https:\/\/vietnam-generalkonsulat.de\/de\/legalisierung\/","og_site_name":"Generalkonsulat der S.R. Vietnam in Frankfurt am Main","article_publisher":"https:\/\/www.facebook.com\/vietnam.generalkonsulat","article_modified_time":"2023-09-02T13:55:37+00:00","og_image":[{"width":2560,"height":1920,"url":"https:\/\/vietnam-generalkonsulat.de\/wp-content\/uploads\/2026\/02\/TLSQ_VILLA_HANOI-scaled.jpg","type":"image\/jpeg"}],"twitter_card":"summary_large_image","twitter_misc":{"Gesch\u00e4tzte Lesezeit":"1\u00a0Minute"},"schema":{"@context":"https:\/\/schema.org","@graph":[{"@type":"WebPage","@id":"https:\/\/vietnam-generalkonsulat.de\/de\/legalisierung\/","url":"https:\/\/vietnam-generalkonsulat.de\/de\/legalisierung\/","name":"Legalisierung - Generalkonsulat der S.R. Vietnam in Frankfurt am Main","isPartOf":{"@id":"https:\/\/vietnam-generalkonsulat.de\/#website"},"datePublished":"2023-09-02T13:48:58+00:00","dateModified":"2023-09-02T13:55:37+00:00","breadcrumb":{"@id":"https:\/\/vietnam-generalkonsulat.de\/de\/legalisierung\/#breadcrumb"},"inLanguage":"de","potentialAction":[{"@type":"ReadAction","target":["https:\/\/vietnam-generalkonsulat.de\/de\/legalisierung\/"]}]},{"@type":"BreadcrumbList","@id":"https:\/\/vietnam-generalkonsulat.de\/de\/legalisierung\/#breadcrumb","itemListElement":[{"@type":"ListItem","position":1,"name":"Home","item":"https:\/\/vietnam-generalkonsulat.de\/"},{"@type":"ListItem","position":2,"name":"Legalisierung"}]},{"@type":"WebSite","@id":"https:\/\/vietnam-generalkonsulat.de\/#website","url":"https:\/\/vietnam-generalkonsulat.de\/","name":"T\u1ed5ng L\u00e3nh s\u1ef1 qu\u00e1n Vi\u1ec7t Nam t\u1ea1i Frankfurt am Main","description":"Consulate General of the Socialist Republic of Vietnam in Frankfurt am Main","publisher":{"@id":"https:\/\/vietnam-generalkonsulat.de\/#organization"},"alternateName":"Generalkonsulat Vietnam in Frankfurt am Main","potentialAction":[{"@type":"SearchAction","target":{"@type":"EntryPoint","urlTemplate":"https:\/\/vietnam-generalkonsulat.de\/?s={search_term_string}"},"query-input":{"@type":"PropertyValueSpecification","valueRequired":true,"valueName":"search_term_string"}}],"inLanguage":"de"},{"@type":"Organization","@id":"https:\/\/vietnam-generalkonsulat.de\/#organization","name":"T\u1ed5ng L\u00e3nh s\u1ef1 qu\u00e1n Vi\u1ec7t Nam t\u1ea1i Frankfurt am Main","alternateName":"Generalkonsulat Vietnam in Frankfurt am Main","url":"https:\/\/vietnam-generalkonsulat.de\/","logo":{"@type":"ImageObject","inLanguage":"de","@id":"https:\/\/vietnam-generalkonsulat.de\/#\/schema\/logo\/image\/","url":"https:\/\/vietnam-generalkonsulat.de\/wp-content\/uploads\/2022\/03\/QuocHuy_400px.png","contentUrl":"https:\/\/vietnam-generalkonsulat.de\/wp-content\/uploads\/2022\/03\/QuocHuy_400px.png","width":400,"height":405,"caption":"T\u1ed5ng L\u00e3nh s\u1ef1 qu\u00e1n Vi\u1ec7t Nam t\u1ea1i Frankfurt am Main"},"image":{"@id":"https:\/\/vietnam-generalkonsulat.de\/#\/schema\/logo\/image\/"},"sameAs":["https:\/\/www.facebook.com\/vietnam.generalkonsulat"]}]}},"publishpress_future_action":{"enabled":false,"date":"2026-05-09 09:25:06","action":"change-status","newStatus":"draft","terms":[],"taxonomy":"translation_priority","extraData":[]},"publishpress_future_workflow_manual_trigger":{"enabledWorkflows":[]},"_links":{"self":[{"href":"https:\/\/vietnam-generalkonsulat.de\/de\/wp-json\/wp\/v2\/pages\/2486","targetHints":{"allow":["GET"]}}],"collection":[{"href":"https:\/\/vietnam-generalkonsulat.de\/de\/wp-json\/wp\/v2\/pages"}],"about":[{"href":"https:\/\/vietnam-generalkonsulat.de\/de\/wp-json\/wp\/v2\/types\/page"}],"author":[{"embeddable":true,"href":"https:\/\/vietnam-generalkonsulat.de\/de\/wp-json\/wp\/v2\/users\/1"}],"replies":[{"embeddable":true,"href":"https:\/\/vietnam-generalkonsulat.de\/de\/wp-json\/wp\/v2\/comments?post=2486"}],"version-history":[{"count":4,"href":"https:\/\/vietnam-generalkonsulat.de\/de\/wp-json\/wp\/v2\/pages\/2486\/revisions"}],"predecessor-version":[{"id":2492,"href":"https:\/\/vietnam-generalkonsulat.de\/de\/wp-json\/wp\/v2\/pages\/2486\/revisions\/2492"}],"wp:attachment":[{"href":"https:\/\/vietnam-generalkonsulat.de\/de\/wp-json\/wp\/v2\/media?parent=2486"}],"curies":[{"name":"wp","href":"https:\/\/api.w.org\/{rel}","templated":true}]}}