{"id":654,"date":"2022-03-21T22:54:45","date_gmt":"2022-03-21T21:54:45","guid":{"rendered":"https:\/\/gkvn2.viexdev.de\/thu-tuc-lanh-su\/"},"modified":"2022-04-02T17:38:51","modified_gmt":"2022-04-02T15:38:51","slug":"konsularischer-service-visa","status":"publish","type":"page","link":"https:\/\/vietnam-generalkonsulat.de\/de\/konsularischer-service-visa\/","title":{"rendered":"Konsularischer Service und Visa"},"content":{"rendered":"<style>\/*! elementor - v3.6.1 - 23-03-2022 *\/\n.elementor-heading-title{padding:0;margin:0;line-height:1}.elementor-widget-heading .elementor-heading-title[class*=elementor-size-]>a{color:inherit;font-size:inherit;line-height:inherit}.elementor-widget-heading .elementor-heading-title.elementor-size-small{font-size:15px}.elementor-widget-heading .elementor-heading-title.elementor-size-medium{font-size:19px}.elementor-widget-heading .elementor-heading-title.elementor-size-large{font-size:29px}.elementor-widget-heading .elementor-heading-title.elementor-size-xl{font-size:39px}.elementor-widget-heading .elementor-heading-title.elementor-size-xxl{font-size:59px}<\/style>\n<h2>H\u1ed9 chi\u1ebfu<\/h2>\n<style>\/*! elementor - v3.6.1 - 23-03-2022 *\/\n.elementor-widget.elementor-icon-list--layout-inline .elementor-widget-container{overflow:hidden}.elementor-widget .elementor-icon-list-items.elementor-inline-items{margin-right:-8px;margin-left:-8px}.elementor-widget .elementor-icon-list-items.elementor-inline-items .elementor-icon-list-item{margin-right:8px;margin-left:8px}.elementor-widget .elementor-icon-list-items.elementor-inline-items .elementor-icon-list-item:after{width:auto;left:auto;right:auto;position:relative;height:100%;border-top:0;border-bottom:0;border-right:0;border-left-width:1px;border-style:solid;right:-8px}.elementor-widget .elementor-icon-list-items{list-style-type:none;margin:0;padding:0}.elementor-widget .elementor-icon-list-item{margin:0;padding:0;position:relative}.elementor-widget .elementor-icon-list-item:after{position:absolute;bottom:0;width:100%}.elementor-widget .elementor-icon-list-item,.elementor-widget .elementor-icon-list-item a{display:-webkit-box;display:-ms-flexbox;display:flex;-webkit-box-align:center;-ms-flex-align:center;align-items:center;font-size:inherit}.elementor-widget .elementor-icon-list-icon+.elementor-icon-list-text{-ms-flex-item-align:center;align-self:center;padding-left:5px}.elementor-widget .elementor-icon-list-icon{display:-webkit-box;display:-ms-flexbox;display:flex}.elementor-widget .elementor-icon-list-icon svg{width:var(--e-icon-list-icon-size,1em);height:var(--e-icon-list-icon-size,1em)}.elementor-widget .elementor-icon-list-icon i{width:1.25em;font-size:var(--e-icon-list-icon-size)}.elementor-widget.elementor-widget-icon-list .elementor-icon-list-icon{text-align:var(--e-icon-list-icon-align)}.elementor-widget.elementor-widget-icon-list .elementor-icon-list-icon svg{margin:var(--e-icon-list-icon-margin,0 calc(var(--e-icon-list-icon-size, 1em) * .25) 0 0)}.elementor-widget.elementor-list-item-link-full_width a{width:100%}.elementor-widget.elementor-align-center .elementor-icon-list-item,.elementor-widget.elementor-align-center .elementor-icon-list-item a{-webkit-box-pack:center;-ms-flex-pack:center;justify-content:center}.elementor-widget.elementor-align-center .elementor-icon-list-item:after{margin:auto}.elementor-widget.elementor-align-center .elementor-inline-items{-webkit-box-pack:center;-ms-flex-pack:center;justify-content:center}.elementor-widget.elementor-align-left .elementor-icon-list-item,.elementor-widget.elementor-align-left .elementor-icon-list-item a{-webkit-box-pack:start;-ms-flex-pack:start;justify-content:flex-start;text-align:left}.elementor-widget.elementor-align-left .elementor-inline-items{-webkit-box-pack:start;-ms-flex-pack:start;justify-content:flex-start}.elementor-widget.elementor-align-right .elementor-icon-list-item,.elementor-widget.elementor-align-right .elementor-icon-list-item a{-webkit-box-pack:end;-ms-flex-pack:end;justify-content:flex-end;text-align:right}.elementor-widget.elementor-align-right .elementor-icon-list-items{-webkit-box-pack:end;-ms-flex-pack:end;justify-content:flex-end}.elementor-widget:not(.elementor-align-right) .elementor-icon-list-item:after{left:0}.elementor-widget:not(.elementor-align-left) .elementor-icon-list-item:after{right:0}@media (max-width:1024px){.elementor-widget.elementor-tablet-align-center .elementor-icon-list-item,.elementor-widget.elementor-tablet-align-center .elementor-icon-list-item a,.elementor-widget.elementor-tablet-align-center .elementor-icon-list-items{-webkit-box-pack:center;-ms-flex-pack:center;justify-content:center}.elementor-widget.elementor-tablet-align-center .elementor-icon-list-item:after{margin:auto}.elementor-widget.elementor-tablet-align-left .elementor-icon-list-items{-webkit-box-pack:start;-ms-flex-pack:start;justify-content:flex-start}.elementor-widget.elementor-tablet-align-left .elementor-icon-list-item,.elementor-widget.elementor-tablet-align-left .elementor-icon-list-item a{-webkit-box-pack:start;-ms-flex-pack:start;justify-content:flex-start;text-align:left}.elementor-widget.elementor-tablet-align-right .elementor-icon-list-items{-webkit-box-pack:end;-ms-flex-pack:end;justify-content:flex-end}.elementor-widget.elementor-tablet-align-right .elementor-icon-list-item,.elementor-widget.elementor-tablet-align-right .elementor-icon-list-item a{-webkit-box-pack:end;-ms-flex-pack:end;justify-content:flex-end;text-align:right}.elementor-widget:not(.elementor-tablet-align-right) .elementor-icon-list-item:after{left:0}.elementor-widget:not(.elementor-tablet-align-left) .elementor-icon-list-item:after{right:0}}@media (max-width:767px){.elementor-widget.elementor-mobile-align-center .elementor-icon-list-item,.elementor-widget.elementor-mobile-align-center .elementor-icon-list-item a,.elementor-widget.elementor-mobile-align-center .elementor-icon-list-items{-webkit-box-pack:center;-ms-flex-pack:center;justify-content:center}.elementor-widget.elementor-mobile-align-center .elementor-icon-list-item:after{margin:auto}.elementor-widget.elementor-mobile-align-left .elementor-icon-list-items{-webkit-box-pack:start;-ms-flex-pack:start;justify-content:flex-start}.elementor-widget.elementor-mobile-align-left .elementor-icon-list-item,.elementor-widget.elementor-mobile-align-left .elementor-icon-list-item a{-webkit-box-pack:start;-ms-flex-pack:start;justify-content:flex-start;text-align:left}.elementor-widget.elementor-mobile-align-right .elementor-icon-list-items{-webkit-box-pack:end;-ms-flex-pack:end;justify-content:flex-end}.elementor-widget.elementor-mobile-align-right .elementor-icon-list-item,.elementor-widget.elementor-mobile-align-right .elementor-icon-list-item a{-webkit-box-pack:end;-ms-flex-pack:end;justify-content:flex-end;text-align:right}.elementor-widget:not(.elementor-mobile-align-right) .elementor-icon-list-item:after{left:0}.elementor-widget:not(.elementor-mobile-align-left) .elementor-icon-list-item:after{right:0}}<\/style>\n<ul>\n<li>\n\t\t\t\t\t\t\t\t\t\tTh\u1ee7 t\u1ee5c c\u1ea5p \u0111\u1ed5i h\u1ed9 chi\u1ebfu\n\t\t\t\t\t\t\t\t\t<\/li>\n<li>\n\t\t\t\t\t\t\t\t\t\tTh\u1ee7 t\u1ee5c b\u00e1o m\u1ea5t h\u1ed9 chi\u1ebfu\n\t\t\t\t\t\t\t\t\t<\/li>\n<\/ul>\n<style>\/*! elementor - v3.6.1 - 23-03-2022 *\/\n.e-container.e-container--row .elementor-spacer-inner{width:var(--spacer-size)}.e-container.e-container--column .elementor-spacer-inner,.elementor-column .elementor-spacer-inner{height:var(--spacer-size)}<\/style>\n<h2>h\u00f4n nh\u00e2n<\/h2>\n<ul>\n<li>\n\t\t\t\t\t\t\t\t\t\tTh\u1ee7 t\u1ee5c \u0111\u0103ng ky\u0301 k\u1ebft h\u00f4n\n\t\t\t\t\t\t\t\t\t<\/li>\n<li>\n\t\t\t\t\t\t\t\t\t\tTh\u1ee7 t\u1ee5c c\u1ea5p gi\u1ea5y xa\u0301c nh\u00e2\u0323n ti\u0300nh tra\u0323ng h\u00f4n nh\u00e2n\n\t\t\t\t\t\t\t\t\t<\/li>\n<li>\n\t\t\t\t\t\t\t\t\t\tTh\u1ee7 t\u1ee5c ch\u1ee9ng nh\u1eadn \u0111\u1ee7 \u0111i\u1ec1u ki\u1ec7n k\u1ebft h\u00f4n\n\t\t\t\t\t\t\t\t\t<\/li>\n<\/ul>\n<h2>H\u1ed9 T\u1ecbch<\/h2>\n<ul>\n<li>\n\t\t\t\t\t\t\t\t\t\tTh\u1ee7 t\u1ee5c \u0111\u0103ng ky\u0301 khai sinh\n\t\t\t\t\t\t\t\t\t<\/li>\n<li>\n\t\t\t\t\t\t\t\t\t\tTh\u1ee7 t\u1ee5c ghi v\u00e0o S\u1ed5 h\u1ed9 t\u1ecbch vi\u1ec7c khai sinh \u0111\u00e3 \u0111\u0103ng k\u00fd t\u1ea1i c\u01a1 quan c\u00f3 th\u1ea9m quy\u1ec1n c\u1ee7a n\u01b0\u1edbc ngo\u00e0i\n\t\t\t\t\t\t\t\t\t<\/li>\n<li>\n\t\t\t\t\t\t\t\t\t\tTh\u1ee7 t\u1ee5c \u0111\u0103ng ky\u0301 th\u01b0\u1eddng tr\u00fa\n\t\t\t\t\t\t\t\t\t<\/li>\n<li>\n\t\t\t\t\t\t\t\t\t\t\u0110\u01a1n \u0111\u1ec1 ngh\u1ecb v\u1ec1 Vi\u1ec7t Nam th\u01b0\u1eddng tr\u00fa\n\t\t\t\t\t\t\t\t\t<\/li>\n<\/ul>\n<h2>Qu\u1ed1c t\u1ecbch<\/h2>\n<ul>\n<li>\n\t\t\t\t\t\t\t\t\t\tTh\u1ee7 t\u1ee5c \u0111\u0103ng k\u00ed gi\u1eef Qu\u1ed1c t\u1ecbch Vi\u1ec7t Nam\n\t\t\t\t\t\t\t\t\t<\/li>\n<li>\n\t\t\t\t\t\t\t\t\t\tV\u0103n b\u1ea3n th\u1ecfa thu\u1eadn ch\u1ecdn Qu\u1ed1c t\u1ecbch\n\t\t\t\t\t\t\t\t\t<\/li>\n<li>\n\t\t\t\t\t\t\t\t\t\tTh\u1ee7 t\u1ee5c xin th\u00f4i Qu\u1ed1c t\u1ecbch\n\t\t\t\t\t\t\t\t\t<\/li>\n<li>\n\t\t\t\t\t\t\t\t\t\tTh\u1ee7 t\u1ee5c xin tr\u1edf l\u1ea1i Qu\u1ed1c t\u1ecbch Vi\u1ec7t Nam\n\t\t\t\t\t\t\t\t\t<\/li>\n<\/ul>\n","protected":false},"excerpt":{"rendered":"<p>H\u1ed9 chi\u1ebfu Th\u1ee7 t\u1ee5c c\u1ea5p \u0111\u1ed5i h\u1ed9 chi\u1ebfu Th\u1ee7 t\u1ee5c b\u00e1o m\u1ea5t h\u1ed9 chi\u1ebfu h\u00f4n nh\u00e2n Th\u1ee7 t\u1ee5c \u0111\u0103ng ky\u0301 k\u1ebft h\u00f4n Th\u1ee7 t\u1ee5c c\u1ea5p gi\u1ea5y xa\u0301c nh\u00e2\u0323n ti\u0300nh tra\u0323ng h\u00f4n nh\u00e2n Th\u1ee7 t\u1ee5c ch\u1ee9ng nh\u1eadn \u0111\u1ee7 \u0111i\u1ec1u ki\u1ec7n k\u1ebft h\u00f4n H\u1ed9 T\u1ecbch Th\u1ee7 t\u1ee5c \u0111\u0103ng ky\u0301 khai sinh Th\u1ee7 t\u1ee5c ghi v\u00e0o S\u1ed5 h\u1ed9 [&hellip;]<\/p>\n","protected":false},"author":1,"featured_media":0,"parent":0,"menu_order":0,"comment_status":"closed","ping_status":"closed","template":"elementor_theme","meta":{"site-sidebar-layout":"default","site-content-layout":"","ast-site-content-layout":"default","site-content-style":"default","site-sidebar-style":"default","ast-global-header-display":"","ast-banner-title-visibility":"","ast-main-header-display":"","ast-hfb-above-header-display":"","ast-hfb-below-header-display":"","ast-hfb-mobile-header-display":"","site-post-title":"","ast-breadcrumbs-content":"","ast-featured-img":"","footer-sml-layout":"","ast-disable-related-posts":"","theme-transparent-header-meta":"","adv-header-id-meta":"","stick-header-meta":"","header-above-stick-meta":"","header-main-stick-meta":"","header-below-stick-meta":"","astra-migrate-meta-layouts":"default","ast-page-background-enabled":"default","ast-page-background-meta":{"desktop":{"background-color":"var(--ast-global-color-4)","background-image":"","background-repeat":"repeat","background-position":"center center","background-size":"auto","background-attachment":"scroll","background-type":"","background-media":"","overlay-type":"","overlay-color":"","overlay-opacity":"","overlay-gradient":""},"tablet":{"background-color":"","background-image":"","background-repeat":"repeat","background-position":"center center","background-size":"auto","background-attachment":"scroll","background-type":"","background-media":"","overlay-type":"","overlay-color":"","overlay-opacity":"","overlay-gradient":""},"mobile":{"background-color":"","background-image":"","background-repeat":"repeat","background-position":"center center","background-size":"auto","background-attachment":"scroll","background-type":"","background-media":"","overlay-type":"","overlay-color":"","overlay-opacity":"","overlay-gradient":""}},"ast-content-background-meta":{"desktop":{"background-color":"var(--ast-global-color-5)","background-image":"","background-repeat":"repeat","background-position":"center center","background-size":"auto","background-attachment":"scroll","background-type":"","background-media":"","overlay-type":"","overlay-color":"","overlay-opacity":"","overlay-gradient":""},"tablet":{"background-color":"var(--ast-global-color-5)","background-image":"","background-repeat":"repeat","background-position":"center center","background-size":"auto","background-attachment":"scroll","background-type":"","background-media":"","overlay-type":"","overlay-color":"","overlay-opacity":"","overlay-gradient":""},"mobile":{"background-color":"var(--ast-global-color-5)","background-image":"","background-repeat":"repeat","background-position":"center center","background-size":"auto","background-attachment":"scroll","background-type":"","background-media":"","overlay-type":"","overlay-color":"","overlay-opacity":"","overlay-gradient":""}},"_glsr_average":0,"_glsr_ranking":0,"_glsr_reviews":0,"footnotes":""},"class_list":["post-654","page","type-page","status-publish","hentry"],"yoast_head":"<!-- This site is optimized with the Yoast SEO plugin v27.5 - https:\/\/yoast.com\/product\/yoast-seo-wordpress\/ -->\n<title>Konsularischer Service und Visa - Generalkonsulat der S.R. Vietnam in Frankfurt am Main<\/title>\n<meta name=\"robots\" content=\"index, follow, max-snippet:-1, max-image-preview:large, max-video-preview:-1\" \/>\n<link rel=\"canonical\" href=\"https:\/\/vietnam-generalkonsulat.de\/de\/konsularischer-service-visa\/\" \/>\n<meta property=\"og:locale\" content=\"de_DE\" \/>\n<meta property=\"og:type\" content=\"article\" \/>\n<meta property=\"og:title\" content=\"Konsularischer Service und Visa - Generalkonsulat der S.R. Vietnam in Frankfurt am Main\" \/>\n<meta property=\"og:description\" content=\"H\u1ed9 chi\u1ebfu Th\u1ee7 t\u1ee5c c\u1ea5p \u0111\u1ed5i h\u1ed9 chi\u1ebfu Th\u1ee7 t\u1ee5c b\u00e1o m\u1ea5t h\u1ed9 chi\u1ebfu h\u00f4n nh\u00e2n Th\u1ee7 t\u1ee5c \u0111\u0103ng ky\u0301 k\u1ebft h\u00f4n Th\u1ee7 t\u1ee5c c\u1ea5p gi\u1ea5y xa\u0301c nh\u00e2\u0323n ti\u0300nh tra\u0323ng h\u00f4n nh\u00e2n Th\u1ee7 t\u1ee5c ch\u1ee9ng nh\u1eadn \u0111\u1ee7 \u0111i\u1ec1u ki\u1ec7n k\u1ebft h\u00f4n H\u1ed9 T\u1ecbch Th\u1ee7 t\u1ee5c \u0111\u0103ng ky\u0301 khai sinh Th\u1ee7 t\u1ee5c ghi v\u00e0o S\u1ed5 h\u1ed9 [&hellip;]\" \/>\n<meta property=\"og:url\" content=\"https:\/\/vietnam-generalkonsulat.de\/de\/konsularischer-service-visa\/\" \/>\n<meta property=\"og:site_name\" content=\"Generalkonsulat der S.R. Vietnam in Frankfurt am Main\" \/>\n<meta property=\"article:publisher\" content=\"https:\/\/www.facebook.com\/vietnam.generalkonsulat\" \/>\n<meta property=\"article:modified_time\" content=\"2022-04-02T15:38:51+00:00\" \/>\n<meta property=\"og:image\" content=\"https:\/\/vietnam-generalkonsulat.de\/wp-content\/uploads\/2026\/02\/TLSQ_VILLA_HANOI-scaled.jpg\" \/>\n\t<meta property=\"og:image:width\" content=\"2560\" \/>\n\t<meta property=\"og:image:height\" content=\"1920\" \/>\n\t<meta property=\"og:image:type\" content=\"image\/jpeg\" \/>\n<meta name=\"twitter:card\" content=\"summary_large_image\" \/>\n<meta name=\"twitter:label1\" content=\"Gesch\u00e4tzte Lesezeit\" \/>\n\t<meta name=\"twitter:data1\" content=\"1\u00a0Minute\" \/>\n<script type=\"application\/ld+json\" class=\"yoast-schema-graph\">{\"@context\":\"https:\\\/\\\/schema.org\",\"@graph\":[{\"@type\":\"WebPage\",\"@id\":\"https:\\\/\\\/vietnam-generalkonsulat.de\\\/de\\\/konsularischer-service-visa\\\/\",\"url\":\"https:\\\/\\\/vietnam-generalkonsulat.de\\\/de\\\/konsularischer-service-visa\\\/\",\"name\":\"Konsularischer Service und Visa - Generalkonsulat der S.R. Vietnam in Frankfurt am Main\",\"isPartOf\":{\"@id\":\"https:\\\/\\\/vietnam-generalkonsulat.de\\\/#website\"},\"datePublished\":\"2022-03-21T21:54:45+00:00\",\"dateModified\":\"2022-04-02T15:38:51+00:00\",\"breadcrumb\":{\"@id\":\"https:\\\/\\\/vietnam-generalkonsulat.de\\\/de\\\/konsularischer-service-visa\\\/#breadcrumb\"},\"inLanguage\":\"de\",\"potentialAction\":[{\"@type\":\"ReadAction\",\"target\":[\"https:\\\/\\\/vietnam-generalkonsulat.de\\\/de\\\/konsularischer-service-visa\\\/\"]}]},{\"@type\":\"BreadcrumbList\",\"@id\":\"https:\\\/\\\/vietnam-generalkonsulat.de\\\/de\\\/konsularischer-service-visa\\\/#breadcrumb\",\"itemListElement\":[{\"@type\":\"ListItem\",\"position\":1,\"name\":\"Home\",\"item\":\"https:\\\/\\\/vietnam-generalkonsulat.de\\\/\"},{\"@type\":\"ListItem\",\"position\":2,\"name\":\"Konsularischer Service und Visa\"}]},{\"@type\":\"WebSite\",\"@id\":\"https:\\\/\\\/vietnam-generalkonsulat.de\\\/#website\",\"url\":\"https:\\\/\\\/vietnam-generalkonsulat.de\\\/\",\"name\":\"T\u1ed5ng L\u00e3nh s\u1ef1 qu\u00e1n Vi\u1ec7t Nam t\u1ea1i Frankfurt am Main\",\"description\":\"Consulate General of the Socialist Republic of Vietnam in Frankfurt am Main\",\"publisher\":{\"@id\":\"https:\\\/\\\/vietnam-generalkonsulat.de\\\/#organization\"},\"alternateName\":\"Generalkonsulat Vietnam in Frankfurt am Main\",\"potentialAction\":[{\"@type\":\"SearchAction\",\"target\":{\"@type\":\"EntryPoint\",\"urlTemplate\":\"https:\\\/\\\/vietnam-generalkonsulat.de\\\/?s={search_term_string}\"},\"query-input\":{\"@type\":\"PropertyValueSpecification\",\"valueRequired\":true,\"valueName\":\"search_term_string\"}}],\"inLanguage\":\"de\"},{\"@type\":\"Organization\",\"@id\":\"https:\\\/\\\/vietnam-generalkonsulat.de\\\/#organization\",\"name\":\"T\u1ed5ng L\u00e3nh s\u1ef1 qu\u00e1n Vi\u1ec7t Nam t\u1ea1i Frankfurt am Main\",\"alternateName\":\"Generalkonsulat Vietnam in Frankfurt am Main\",\"url\":\"https:\\\/\\\/vietnam-generalkonsulat.de\\\/\",\"logo\":{\"@type\":\"ImageObject\",\"inLanguage\":\"de\",\"@id\":\"https:\\\/\\\/vietnam-generalkonsulat.de\\\/#\\\/schema\\\/logo\\\/image\\\/\",\"url\":\"https:\\\/\\\/vietnam-generalkonsulat.de\\\/wp-content\\\/uploads\\\/2022\\\/03\\\/QuocHuy_400px.png\",\"contentUrl\":\"https:\\\/\\\/vietnam-generalkonsulat.de\\\/wp-content\\\/uploads\\\/2022\\\/03\\\/QuocHuy_400px.png\",\"width\":400,\"height\":405,\"caption\":\"T\u1ed5ng L\u00e3nh s\u1ef1 qu\u00e1n Vi\u1ec7t Nam t\u1ea1i Frankfurt am Main\"},\"image\":{\"@id\":\"https:\\\/\\\/vietnam-generalkonsulat.de\\\/#\\\/schema\\\/logo\\\/image\\\/\"},\"sameAs\":[\"https:\\\/\\\/www.facebook.com\\\/vietnam.generalkonsulat\"]}]}<\/script>\n<!-- \/ Yoast SEO plugin. -->","yoast_head_json":{"title":"Konsularischer Service und Visa - Generalkonsulat der S.R. Vietnam in Frankfurt am Main","robots":{"index":"index","follow":"follow","max-snippet":"max-snippet:-1","max-image-preview":"max-image-preview:large","max-video-preview":"max-video-preview:-1"},"canonical":"https:\/\/vietnam-generalkonsulat.de\/de\/konsularischer-service-visa\/","og_locale":"de_DE","og_type":"article","og_title":"Konsularischer Service und Visa - Generalkonsulat der S.R. Vietnam in Frankfurt am Main","og_description":"H\u1ed9 chi\u1ebfu Th\u1ee7 t\u1ee5c c\u1ea5p \u0111\u1ed5i h\u1ed9 chi\u1ebfu Th\u1ee7 t\u1ee5c b\u00e1o m\u1ea5t h\u1ed9 chi\u1ebfu h\u00f4n nh\u00e2n Th\u1ee7 t\u1ee5c \u0111\u0103ng ky\u0301 k\u1ebft h\u00f4n Th\u1ee7 t\u1ee5c c\u1ea5p gi\u1ea5y xa\u0301c nh\u00e2\u0323n ti\u0300nh tra\u0323ng h\u00f4n nh\u00e2n Th\u1ee7 t\u1ee5c ch\u1ee9ng nh\u1eadn \u0111\u1ee7 \u0111i\u1ec1u ki\u1ec7n k\u1ebft h\u00f4n H\u1ed9 T\u1ecbch Th\u1ee7 t\u1ee5c \u0111\u0103ng ky\u0301 khai sinh Th\u1ee7 t\u1ee5c ghi v\u00e0o S\u1ed5 h\u1ed9 [&hellip;]","og_url":"https:\/\/vietnam-generalkonsulat.de\/de\/konsularischer-service-visa\/","og_site_name":"Generalkonsulat der S.R. Vietnam in Frankfurt am Main","article_publisher":"https:\/\/www.facebook.com\/vietnam.generalkonsulat","article_modified_time":"2022-04-02T15:38:51+00:00","og_image":[{"width":2560,"height":1920,"url":"https:\/\/vietnam-generalkonsulat.de\/wp-content\/uploads\/2026\/02\/TLSQ_VILLA_HANOI-scaled.jpg","type":"image\/jpeg"}],"twitter_card":"summary_large_image","twitter_misc":{"Gesch\u00e4tzte Lesezeit":"1\u00a0Minute"},"schema":{"@context":"https:\/\/schema.org","@graph":[{"@type":"WebPage","@id":"https:\/\/vietnam-generalkonsulat.de\/de\/konsularischer-service-visa\/","url":"https:\/\/vietnam-generalkonsulat.de\/de\/konsularischer-service-visa\/","name":"Konsularischer Service und Visa - Generalkonsulat der S.R. Vietnam in Frankfurt am Main","isPartOf":{"@id":"https:\/\/vietnam-generalkonsulat.de\/#website"},"datePublished":"2022-03-21T21:54:45+00:00","dateModified":"2022-04-02T15:38:51+00:00","breadcrumb":{"@id":"https:\/\/vietnam-generalkonsulat.de\/de\/konsularischer-service-visa\/#breadcrumb"},"inLanguage":"de","potentialAction":[{"@type":"ReadAction","target":["https:\/\/vietnam-generalkonsulat.de\/de\/konsularischer-service-visa\/"]}]},{"@type":"BreadcrumbList","@id":"https:\/\/vietnam-generalkonsulat.de\/de\/konsularischer-service-visa\/#breadcrumb","itemListElement":[{"@type":"ListItem","position":1,"name":"Home","item":"https:\/\/vietnam-generalkonsulat.de\/"},{"@type":"ListItem","position":2,"name":"Konsularischer Service und Visa"}]},{"@type":"WebSite","@id":"https:\/\/vietnam-generalkonsulat.de\/#website","url":"https:\/\/vietnam-generalkonsulat.de\/","name":"T\u1ed5ng L\u00e3nh s\u1ef1 qu\u00e1n Vi\u1ec7t Nam t\u1ea1i Frankfurt am Main","description":"Consulate General of the Socialist Republic of Vietnam in Frankfurt am Main","publisher":{"@id":"https:\/\/vietnam-generalkonsulat.de\/#organization"},"alternateName":"Generalkonsulat Vietnam in Frankfurt am Main","potentialAction":[{"@type":"SearchAction","target":{"@type":"EntryPoint","urlTemplate":"https:\/\/vietnam-generalkonsulat.de\/?s={search_term_string}"},"query-input":{"@type":"PropertyValueSpecification","valueRequired":true,"valueName":"search_term_string"}}],"inLanguage":"de"},{"@type":"Organization","@id":"https:\/\/vietnam-generalkonsulat.de\/#organization","name":"T\u1ed5ng L\u00e3nh s\u1ef1 qu\u00e1n Vi\u1ec7t Nam t\u1ea1i Frankfurt am Main","alternateName":"Generalkonsulat Vietnam in Frankfurt am Main","url":"https:\/\/vietnam-generalkonsulat.de\/","logo":{"@type":"ImageObject","inLanguage":"de","@id":"https:\/\/vietnam-generalkonsulat.de\/#\/schema\/logo\/image\/","url":"https:\/\/vietnam-generalkonsulat.de\/wp-content\/uploads\/2022\/03\/QuocHuy_400px.png","contentUrl":"https:\/\/vietnam-generalkonsulat.de\/wp-content\/uploads\/2022\/03\/QuocHuy_400px.png","width":400,"height":405,"caption":"T\u1ed5ng L\u00e3nh s\u1ef1 qu\u00e1n Vi\u1ec7t Nam t\u1ea1i Frankfurt am Main"},"image":{"@id":"https:\/\/vietnam-generalkonsulat.de\/#\/schema\/logo\/image\/"},"sameAs":["https:\/\/www.facebook.com\/vietnam.generalkonsulat"]}]}},"publishpress_future_action":{"enabled":false,"date":"2026-05-07 17:56:56","action":"change-status","newStatus":"draft","terms":[],"taxonomy":"translation_priority","extraData":[]},"publishpress_future_workflow_manual_trigger":{"enabledWorkflows":[]},"_links":{"self":[{"href":"https:\/\/vietnam-generalkonsulat.de\/de\/wp-json\/wp\/v2\/pages\/654","targetHints":{"allow":["GET"]}}],"collection":[{"href":"https:\/\/vietnam-generalkonsulat.de\/de\/wp-json\/wp\/v2\/pages"}],"about":[{"href":"https:\/\/vietnam-generalkonsulat.de\/de\/wp-json\/wp\/v2\/types\/page"}],"author":[{"embeddable":true,"href":"https:\/\/vietnam-generalkonsulat.de\/de\/wp-json\/wp\/v2\/users\/1"}],"replies":[{"embeddable":true,"href":"https:\/\/vietnam-generalkonsulat.de\/de\/wp-json\/wp\/v2\/comments?post=654"}],"version-history":[{"count":0,"href":"https:\/\/vietnam-generalkonsulat.de\/de\/wp-json\/wp\/v2\/pages\/654\/revisions"}],"wp:attachment":[{"href":"https:\/\/vietnam-generalkonsulat.de\/de\/wp-json\/wp\/v2\/media?parent=654"}],"curies":[{"name":"wp","href":"https:\/\/api.w.org\/{rel}","templated":true}]}}